{"id":1390,"date":"2024-01-30T22:30:36","date_gmt":"2024-01-30T22:30:36","guid":{"rendered":"https:\/\/hannadeco.com\/?page_id=1390"},"modified":"2024-02-07T10:03:24","modified_gmt":"2024-02-07T10:03:24","slug":"kuprose-opiranne","status":"publish","type":"page","link":"https:\/\/hannadeco.com\/index.php\/kuprose-opiranne\/","title":{"rendered":"K\u00fcprose \u00f5pir\u00e4nne"},"content":{"rendered":"\t\t<div data-elementor-type=\"wp-page\" data-elementor-id=\"1390\" class=\"elementor elementor-1390\">\n\t\t\t\t<div class=\"elementor-element elementor-element-ddcdc90 e-flex e-con-boxed e-con e-parent\" data-id=\"ddcdc90\" data-element_type=\"container\" data-core-v316-plus=\"true\">\n\t\t\t\t\t<div class=\"e-con-inner\">\n\t\t\t\t<div class=\"elementor-element elementor-element-74db48c elementor-widget elementor-widget-heading\" data-id=\"74db48c\" data-element_type=\"widget\" data-widget_type=\"heading.default\">\n\t\t\t\t<div class=\"elementor-widget-container\">\n\t\t\t<style>\/*! elementor - v3.20.0 - 20-03-2024 *\/\n.elementor-heading-title{padding:0;margin:0;line-height:1}.elementor-widget-heading .elementor-heading-title[class*=elementor-size-]>a{color:inherit;font-size:inherit;line-height:inherit}.elementor-widget-heading .elementor-heading-title.elementor-size-small{font-size:15px}.elementor-widget-heading .elementor-heading-title.elementor-size-medium{font-size:19px}.elementor-widget-heading .elementor-heading-title.elementor-size-large{font-size:29px}.elementor-widget-heading .elementor-heading-title.elementor-size-xl{font-size:39px}.elementor-widget-heading .elementor-heading-title.elementor-size-xxl{font-size:59px}<\/style><h2 class=\"elementor-heading-title elementor-size-default\">K\u00fcprose \u00f5pir\u00e4nne<\/h2>\t\t<\/div>\n\t\t\t\t<\/div>\n\t\t\t\t<div class=\"elementor-element elementor-element-17c3441 elementor-widget elementor-widget-text-editor\" data-id=\"17c3441\" data-element_type=\"widget\" data-widget_type=\"text-editor.default\">\n\t\t\t\t<div class=\"elementor-widget-container\">\n\t\t\t<style>\/*! elementor - v3.20.0 - 20-03-2024 *\/\n.elementor-widget-text-editor.elementor-drop-cap-view-stacked .elementor-drop-cap{background-color:#69727d;color:#fff}.elementor-widget-text-editor.elementor-drop-cap-view-framed .elementor-drop-cap{color:#69727d;border:3px solid;background-color:transparent}.elementor-widget-text-editor:not(.elementor-drop-cap-view-default) .elementor-drop-cap{margin-top:8px}.elementor-widget-text-editor:not(.elementor-drop-cap-view-default) .elementor-drop-cap-letter{width:1em;height:1em}.elementor-widget-text-editor .elementor-drop-cap{float:left;text-align:center;line-height:1;font-size:50px}.elementor-widget-text-editor .elementor-drop-cap-letter{display:inline-block}<\/style>\t\t\t\t<p>Juhendaja: Michalis Theodosiou<\/p>\t\t\t\t\t\t<\/div>\n\t\t\t\t<\/div>\n\t\t\t\t\t<\/div>\n\t\t\t\t<\/div>\n\t\t<div class=\"elementor-element elementor-element-879233f e-flex e-con-boxed e-con e-parent\" data-id=\"879233f\" data-element_type=\"container\" data-core-v316-plus=\"true\">\n\t\t\t\t\t<div class=\"e-con-inner\">\n\t\t\t\t<div class=\"elementor-element elementor-element-07a4b08 gallery-spacing-custom elementor-widget elementor-widget-image-gallery\" data-id=\"07a4b08\" data-element_type=\"widget\" data-widget_type=\"image-gallery.default\">\n\t\t\t\t<div class=\"elementor-widget-container\">\n\t\t\t<style>\/*! elementor - v3.20.0 - 20-03-2024 *\/\n.elementor-image-gallery .gallery-item{display:inline-block;text-align:center;vertical-align:top;width:100%;max-width:100%;margin:0 auto}.elementor-image-gallery .gallery-item img{margin:0 auto}.elementor-image-gallery .gallery-item .gallery-caption{margin:0}.elementor-image-gallery figure img{display:block}.elementor-image-gallery figure figcaption{width:100%}.gallery-spacing-custom .elementor-image-gallery .gallery-icon{padding:0}@media (min-width:768px){.elementor-image-gallery .gallery-columns-2 .gallery-item{max-width:50%}.elementor-image-gallery .gallery-columns-3 .gallery-item{max-width:33.33%}.elementor-image-gallery .gallery-columns-4 .gallery-item{max-width:25%}.elementor-image-gallery .gallery-columns-5 .gallery-item{max-width:20%}.elementor-image-gallery .gallery-columns-6 .gallery-item{max-width:16.666%}.elementor-image-gallery .gallery-columns-7 .gallery-item{max-width:14.28%}.elementor-image-gallery .gallery-columns-8 .gallery-item{max-width:12.5%}.elementor-image-gallery .gallery-columns-9 .gallery-item{max-width:11.11%}.elementor-image-gallery .gallery-columns-10 .gallery-item{max-width:10%}}@media (min-width:480px) and (max-width:767px){.elementor-image-gallery .gallery.gallery-columns-2 .gallery-item,.elementor-image-gallery .gallery.gallery-columns-3 .gallery-item,.elementor-image-gallery .gallery.gallery-columns-4 .gallery-item,.elementor-image-gallery .gallery.gallery-columns-5 .gallery-item,.elementor-image-gallery .gallery.gallery-columns-6 .gallery-item,.elementor-image-gallery .gallery.gallery-columns-7 .gallery-item,.elementor-image-gallery .gallery.gallery-columns-8 .gallery-item,.elementor-image-gallery .gallery.gallery-columns-9 .gallery-item,.elementor-image-gallery .gallery.gallery-columns-10 .gallery-item{max-width:50%}}@media (max-width:479px){.elementor-image-gallery .gallery.gallery-columns-2 .gallery-item,.elementor-image-gallery .gallery.gallery-columns-3 .gallery-item,.elementor-image-gallery .gallery.gallery-columns-4 .gallery-item,.elementor-image-gallery .gallery.gallery-columns-5 .gallery-item,.elementor-image-gallery .gallery.gallery-columns-6 .gallery-item,.elementor-image-gallery .gallery.gallery-columns-7 .gallery-item,.elementor-image-gallery .gallery.gallery-columns-8 .gallery-item,.elementor-image-gallery .gallery.gallery-columns-9 .gallery-item,.elementor-image-gallery .gallery.gallery-columns-10 .gallery-item{max-width:100%}}<\/style>\t\t<div class=\"elementor-image-gallery\">\n\t\t\t<div id='gallery-1' class='gallery galleryid-1390 gallery-columns-3 gallery-size-large'><figure class='gallery-item'>\n\t\t\t<div class='gallery-icon portrait'>\n\t\t\t\t<a data-elementor-open-lightbox=\"yes\" data-elementor-lightbox-slideshow=\"07a4b08\" data-elementor-lightbox-title=\"T\u00f6\u00f6d n\u00e4itusel\" data-e-action-hash=\"#elementor-action%3Aaction%3Dlightbox%26settings%3DeyJpZCI6MTM5NSwidXJsIjoiaHR0cHM6XC9cL2hhbm5hZGVjby5jb21cL3dwLWNvbnRlbnRcL3VwbG9hZHNcLzIwMjRcLzAxXC9JTUdfNTE1MS1zY2FsZWQuanBnIiwic2xpZGVzaG93IjoiMDdhNGIwOCJ9\" href='https:\/\/hannadeco.com\/wp-content\/uploads\/2024\/01\/IMG_5151-scaled.jpg'><img fetchpriority=\"high\" width=\"768\" height=\"1024\" src=\"https:\/\/hannadeco.com\/wp-content\/uploads\/2024\/01\/IMG_5151-768x1024.jpg\" class=\"attachment-large size-large\" alt=\"\" decoding=\"async\" srcset=\"https:\/\/hannadeco.com\/wp-content\/uploads\/2024\/01\/IMG_5151-768x1024.jpg 768w, https:\/\/hannadeco.com\/wp-content\/uploads\/2024\/01\/IMG_5151-225x300.jpg 225w, https:\/\/hannadeco.com\/wp-content\/uploads\/2024\/01\/IMG_5151-1152x1536.jpg 1152w, https:\/\/hannadeco.com\/wp-content\/uploads\/2024\/01\/IMG_5151-1536x2048.jpg 1536w, https:\/\/hannadeco.com\/wp-content\/uploads\/2024\/01\/IMG_5151-scaled.jpg 1920w\" sizes=\"(max-width: 768px) 100vw, 768px\" \/><\/a>\n\t\t\t<\/div><\/figure><figure class='gallery-item'>\n\t\t\t<div class='gallery-icon portrait'>\n\t\t\t\t<a data-elementor-open-lightbox=\"yes\" data-elementor-lightbox-slideshow=\"07a4b08\" data-elementor-lightbox-title=\"&quot;Bored on toilet&quot;\" data-e-action-hash=\"#elementor-action%3Aaction%3Dlightbox%26settings%3DeyJpZCI6MTM5OCwidXJsIjoiaHR0cHM6XC9cL2hhbm5hZGVjby5jb21cL3dwLWNvbnRlbnRcL3VwbG9hZHNcLzIwMjRcLzAxXC9JTUdfMzgyNC1zY2FsZWQuanBnIiwic2xpZGVzaG93IjoiMDdhNGIwOCJ9\" href='https:\/\/hannadeco.com\/wp-content\/uploads\/2024\/01\/IMG_3824-scaled.jpg'><img width=\"751\" height=\"1024\" src=\"https:\/\/hannadeco.com\/wp-content\/uploads\/2024\/01\/IMG_3824-751x1024.jpg\" class=\"attachment-large size-large\" alt=\"\" decoding=\"async\" srcset=\"https:\/\/hannadeco.com\/wp-content\/uploads\/2024\/01\/IMG_3824-751x1024.jpg 751w, https:\/\/hannadeco.com\/wp-content\/uploads\/2024\/01\/IMG_3824-220x300.jpg 220w, https:\/\/hannadeco.com\/wp-content\/uploads\/2024\/01\/IMG_3824-768x1047.jpg 768w, https:\/\/hannadeco.com\/wp-content\/uploads\/2024\/01\/IMG_3824-1127x1536.jpg 1127w, https:\/\/hannadeco.com\/wp-content\/uploads\/2024\/01\/IMG_3824-1503x2048.jpg 1503w, https:\/\/hannadeco.com\/wp-content\/uploads\/2024\/01\/IMG_3824-scaled.jpg 1878w\" sizes=\"(max-width: 751px) 100vw, 751px\" \/><\/a>\n\t\t\t<\/div><\/figure><figure class='gallery-item'>\n\t\t\t<div class='gallery-icon landscape'>\n\t\t\t\t<a data-elementor-open-lightbox=\"yes\" data-elementor-lightbox-slideshow=\"07a4b08\" data-elementor-lightbox-title=\"&quot;Hatched sea turtle&quot;\" data-e-action-hash=\"#elementor-action%3Aaction%3Dlightbox%26settings%3DeyJpZCI6MTM5NiwidXJsIjoiaHR0cHM6XC9cL2hhbm5hZGVjby5jb21cL3dwLWNvbnRlbnRcL3VwbG9hZHNcLzIwMjRcLzAxXC9JTUdfMzgyNS1zY2FsZWQuanBnIiwic2xpZGVzaG93IjoiMDdhNGIwOCJ9\" href='https:\/\/hannadeco.com\/wp-content\/uploads\/2024\/01\/IMG_3825-scaled.jpg'><img width=\"1024\" height=\"804\" src=\"https:\/\/hannadeco.com\/wp-content\/uploads\/2024\/01\/IMG_3825-1024x804.jpg\" class=\"attachment-large size-large\" alt=\"\" decoding=\"async\" srcset=\"https:\/\/hannadeco.com\/wp-content\/uploads\/2024\/01\/IMG_3825-1024x804.jpg 1024w, https:\/\/hannadeco.com\/wp-content\/uploads\/2024\/01\/IMG_3825-300x236.jpg 300w, https:\/\/hannadeco.com\/wp-content\/uploads\/2024\/01\/IMG_3825-768x603.jpg 768w, https:\/\/hannadeco.com\/wp-content\/uploads\/2024\/01\/IMG_3825-1536x1206.jpg 1536w, https:\/\/hannadeco.com\/wp-content\/uploads\/2024\/01\/IMG_3825-2048x1608.jpg 2048w\" sizes=\"(max-width: 1024px) 100vw, 1024px\" \/><\/a>\n\t\t\t<\/div><\/figure><figure class='gallery-item'>\n\t\t\t<div class='gallery-icon landscape'>\n\t\t\t\t<a data-elementor-open-lightbox=\"yes\" data-elementor-lightbox-slideshow=\"07a4b08\" data-elementor-lightbox-title=\"&quot;Fish skeleton&quot;\" data-e-action-hash=\"#elementor-action%3Aaction%3Dlightbox%26settings%3DeyJpZCI6MTQwMSwidXJsIjoiaHR0cHM6XC9cL2hhbm5hZGVjby5jb21cL3dwLWNvbnRlbnRcL3VwbG9hZHNcLzIwMjRcLzAxXC9JTUdfMzczMi1zY2FsZWQuanBnIiwic2xpZGVzaG93IjoiMDdhNGIwOCJ9\" href='https:\/\/hannadeco.com\/wp-content\/uploads\/2024\/01\/IMG_3732-scaled.jpg'><img loading=\"lazy\" width=\"1024\" height=\"743\" src=\"https:\/\/hannadeco.com\/wp-content\/uploads\/2024\/01\/IMG_3732-1024x743.jpg\" class=\"attachment-large size-large\" alt=\"\" decoding=\"async\" srcset=\"https:\/\/hannadeco.com\/wp-content\/uploads\/2024\/01\/IMG_3732-1024x743.jpg 1024w, https:\/\/hannadeco.com\/wp-content\/uploads\/2024\/01\/IMG_3732-300x218.jpg 300w, https:\/\/hannadeco.com\/wp-content\/uploads\/2024\/01\/IMG_3732-768x557.jpg 768w, https:\/\/hannadeco.com\/wp-content\/uploads\/2024\/01\/IMG_3732-1536x1114.jpg 1536w, https:\/\/hannadeco.com\/wp-content\/uploads\/2024\/01\/IMG_3732-2048x1485.jpg 2048w\" sizes=\"(max-width: 1024px) 100vw, 1024px\" \/><\/a>\n\t\t\t<\/div><\/figure><figure class='gallery-item'>\n\t\t\t<div class='gallery-icon landscape'>\n\t\t\t\t<a data-elementor-open-lightbox=\"yes\" data-elementor-lightbox-slideshow=\"07a4b08\" data-elementor-lightbox-title=\"&quot;Midnight lovers&quot;\" data-e-action-hash=\"#elementor-action%3Aaction%3Dlightbox%26settings%3DeyJpZCI6MTM5NywidXJsIjoiaHR0cHM6XC9cL2hhbm5hZGVjby5jb21cL3dwLWNvbnRlbnRcL3VwbG9hZHNcLzIwMjRcLzAxXC9JTUdfMzczMC1zY2FsZWQuanBnIiwic2xpZGVzaG93IjoiMDdhNGIwOCJ9\" href='https:\/\/hannadeco.com\/wp-content\/uploads\/2024\/01\/IMG_3730-scaled.jpg'><img loading=\"lazy\" width=\"1024\" height=\"791\" src=\"https:\/\/hannadeco.com\/wp-content\/uploads\/2024\/01\/IMG_3730-1024x791.jpg\" class=\"attachment-large size-large\" alt=\"\" decoding=\"async\" srcset=\"https:\/\/hannadeco.com\/wp-content\/uploads\/2024\/01\/IMG_3730-1024x791.jpg 1024w, https:\/\/hannadeco.com\/wp-content\/uploads\/2024\/01\/IMG_3730-300x232.jpg 300w, https:\/\/hannadeco.com\/wp-content\/uploads\/2024\/01\/IMG_3730-768x594.jpg 768w, https:\/\/hannadeco.com\/wp-content\/uploads\/2024\/01\/IMG_3730-1536x1187.jpg 1536w, https:\/\/hannadeco.com\/wp-content\/uploads\/2024\/01\/IMG_3730-2048x1583.jpg 2048w\" sizes=\"(max-width: 1024px) 100vw, 1024px\" \/><\/a>\n\t\t\t<\/div><\/figure><figure class='gallery-item'>\n\t\t\t<div class='gallery-icon landscape'>\n\t\t\t\t<a data-elementor-open-lightbox=\"yes\" data-elementor-lightbox-slideshow=\"07a4b08\" data-elementor-lightbox-title=\"&quot;Seashell mandala&quot;\" data-e-action-hash=\"#elementor-action%3Aaction%3Dlightbox%26settings%3DeyJpZCI6MTQwMCwidXJsIjoiaHR0cHM6XC9cL2hhbm5hZGVjby5jb21cL3dwLWNvbnRlbnRcL3VwbG9hZHNcLzIwMjRcLzAxXC9JTUdfMzgxOC1zY2FsZWQuanBnIiwic2xpZGVzaG93IjoiMDdhNGIwOCJ9\" href='https:\/\/hannadeco.com\/wp-content\/uploads\/2024\/01\/IMG_3818-scaled.jpg'><img loading=\"lazy\" width=\"1024\" height=\"1018\" src=\"https:\/\/hannadeco.com\/wp-content\/uploads\/2024\/01\/IMG_3818-1024x1018.jpg\" class=\"attachment-large size-large\" alt=\"\" decoding=\"async\" srcset=\"https:\/\/hannadeco.com\/wp-content\/uploads\/2024\/01\/IMG_3818-1024x1018.jpg 1024w, https:\/\/hannadeco.com\/wp-content\/uploads\/2024\/01\/IMG_3818-300x298.jpg 300w, https:\/\/hannadeco.com\/wp-content\/uploads\/2024\/01\/IMG_3818-150x150.jpg 150w, https:\/\/hannadeco.com\/wp-content\/uploads\/2024\/01\/IMG_3818-768x763.jpg 768w, https:\/\/hannadeco.com\/wp-content\/uploads\/2024\/01\/IMG_3818-1536x1527.jpg 1536w, https:\/\/hannadeco.com\/wp-content\/uploads\/2024\/01\/IMG_3818-2048x2036.jpg 2048w\" sizes=\"(max-width: 1024px) 100vw, 1024px\" \/><\/a>\n\t\t\t<\/div><\/figure><figure class='gallery-item'>\n\t\t\t<div class='gallery-icon portrait'>\n\t\t\t\t<a data-elementor-open-lightbox=\"yes\" data-elementor-lightbox-slideshow=\"07a4b08\" data-elementor-lightbox-title=\"Kooli teatrietenduse kujundus\" data-e-action-hash=\"#elementor-action%3Aaction%3Dlightbox%26settings%3DeyJpZCI6MTM5NCwidXJsIjoiaHR0cHM6XC9cL2hhbm5hZGVjby5jb21cL3dwLWNvbnRlbnRcL3VwbG9hZHNcLzIwMjRcLzAxXC9JTUdfMzU4MC1zY2FsZWQuanBnIiwic2xpZGVzaG93IjoiMDdhNGIwOCJ9\" href='https:\/\/hannadeco.com\/wp-content\/uploads\/2024\/01\/IMG_3580-scaled.jpg'><img loading=\"lazy\" width=\"768\" height=\"1024\" src=\"https:\/\/hannadeco.com\/wp-content\/uploads\/2024\/01\/IMG_3580-768x1024.jpg\" class=\"attachment-large size-large\" alt=\"\" decoding=\"async\" srcset=\"https:\/\/hannadeco.com\/wp-content\/uploads\/2024\/01\/IMG_3580-768x1024.jpg 768w, https:\/\/hannadeco.com\/wp-content\/uploads\/2024\/01\/IMG_3580-225x300.jpg 225w, https:\/\/hannadeco.com\/wp-content\/uploads\/2024\/01\/IMG_3580-1152x1536.jpg 1152w, https:\/\/hannadeco.com\/wp-content\/uploads\/2024\/01\/IMG_3580-1536x2048.jpg 1536w, https:\/\/hannadeco.com\/wp-content\/uploads\/2024\/01\/IMG_3580-scaled.jpg 1920w\" sizes=\"(max-width: 768px) 100vw, 768px\" \/><\/a>\n\t\t\t<\/div><\/figure><figure class='gallery-item'>\n\t\t\t<div class='gallery-icon portrait'>\n\t\t\t\t<a data-elementor-open-lightbox=\"yes\" data-elementor-lightbox-slideshow=\"07a4b08\" data-elementor-lightbox-title=\"Kooli teatrietenduse kujundus\" data-e-action-hash=\"#elementor-action%3Aaction%3Dlightbox%26settings%3DeyJpZCI6MTM5MywidXJsIjoiaHR0cHM6XC9cL2hhbm5hZGVjby5jb21cL3dwLWNvbnRlbnRcL3VwbG9hZHNcLzIwMjRcLzAxXC9JTUdfMzU4My1zY2FsZWQuanBnIiwic2xpZGVzaG93IjoiMDdhNGIwOCJ9\" href='https:\/\/hannadeco.com\/wp-content\/uploads\/2024\/01\/IMG_3583-scaled.jpg'><img loading=\"lazy\" width=\"768\" height=\"1024\" src=\"https:\/\/hannadeco.com\/wp-content\/uploads\/2024\/01\/IMG_3583-768x1024.jpg\" class=\"attachment-large size-large\" alt=\"\" decoding=\"async\" srcset=\"https:\/\/hannadeco.com\/wp-content\/uploads\/2024\/01\/IMG_3583-768x1024.jpg 768w, https:\/\/hannadeco.com\/wp-content\/uploads\/2024\/01\/IMG_3583-225x300.jpg 225w, https:\/\/hannadeco.com\/wp-content\/uploads\/2024\/01\/IMG_3583-1152x1536.jpg 1152w, https:\/\/hannadeco.com\/wp-content\/uploads\/2024\/01\/IMG_3583-1536x2048.jpg 1536w, https:\/\/hannadeco.com\/wp-content\/uploads\/2024\/01\/IMG_3583-scaled.jpg 1920w\" sizes=\"(max-width: 768px) 100vw, 768px\" \/><\/a>\n\t\t\t<\/div><\/figure>\n\t\t<\/div>\n\t\t<\/div>\n\t\t\t\t<\/div>\n\t\t\t\t<\/div>\n\t\t\t\t\t<\/div>\n\t\t\t\t<\/div>\n\t\t\t\t<\/div>\n\t\t","protected":false},"excerpt":{"rendered":"<p>K\u00fcprose \u00f5pir\u00e4nne Juhendaja: Michalis Theodosiou<\/p>\n","protected":false},"author":2,"featured_media":0,"parent":0,"menu_order":0,"comment_status":"closed","ping_status":"closed","template":"","meta":{"site-sidebar-layout":"no-sidebar","site-content-layout":"page-builder","ast-site-content-layout":"full-width-container","site-content-style":"default","site-sidebar-style":"default","ast-global-header-display":"","ast-banner-title-visibility":"","ast-main-header-display":"","ast-hfb-above-header-display":"","ast-hfb-below-header-display":"","ast-hfb-mobile-header-display":"","site-post-title":"disabled","ast-breadcrumbs-content":"","ast-featured-img":"disabled","footer-sml-layout":"","theme-transparent-header-meta":"","adv-header-id-meta":"","stick-header-meta":"","header-above-stick-meta":"","header-main-stick-meta":"","header-below-stick-meta":"","astra-migrate-meta-layouts":"set","ast-page-background-enabled":"default","ast-page-background-meta":{"desktop":{"background-color":"","background-image":"","background-repeat":"repeat","background-position":"center center","background-size":"auto","background-attachment":"scroll","background-type":"","background-media":"","overlay-type":"","overlay-color":"","overlay-opacity":"","overlay-gradient":""},"tablet":{"background-color":"","background-image":"","background-repeat":"repeat","background-position":"center center","background-size":"auto","background-attachment":"scroll","background-type":"","background-media":"","overlay-type":"","overlay-color":"","overlay-opacity":"","overlay-gradient":""},"mobile":{"background-color":"","background-image":"","background-repeat":"repeat","background-position":"center center","background-size":"auto","background-attachment":"scroll","background-type":"","background-media":"","overlay-type":"","overlay-color":"","overlay-opacity":"","overlay-gradient":""}},"ast-content-background-meta":{"desktop":{"background-color":"var(--ast-global-color-5)","background-image":"","background-repeat":"repeat","background-position":"center center","background-size":"auto","background-attachment":"scroll","background-type":"","background-media":"","overlay-type":"","overlay-color":"","overlay-opacity":"","overlay-gradient":""},"tablet":{"background-color":"var(--ast-global-color-5)","background-image":"","background-repeat":"repeat","background-position":"center center","background-size":"auto","background-attachment":"scroll","background-type":"","background-media":"","overlay-type":"","overlay-color":"","overlay-opacity":"","overlay-gradient":""},"mobile":{"background-color":"var(--ast-global-color-5)","background-image":"","background-repeat":"repeat","background-position":"center center","background-size":"auto","background-attachment":"scroll","background-type":"","background-media":"","overlay-type":"","overlay-color":"","overlay-opacity":"","overlay-gradient":""}},"footnotes":""},"_links":{"self":[{"href":"https:\/\/hannadeco.com\/index.php\/wp-json\/wp\/v2\/pages\/1390"}],"collection":[{"href":"https:\/\/hannadeco.com\/index.php\/wp-json\/wp\/v2\/pages"}],"about":[{"href":"https:\/\/hannadeco.com\/index.php\/wp-json\/wp\/v2\/types\/page"}],"author":[{"embeddable":true,"href":"https:\/\/hannadeco.com\/index.php\/wp-json\/wp\/v2\/users\/2"}],"replies":[{"embeddable":true,"href":"https:\/\/hannadeco.com\/index.php\/wp-json\/wp\/v2\/comments?post=1390"}],"version-history":[{"count":20,"href":"https:\/\/hannadeco.com\/index.php\/wp-json\/wp\/v2\/pages\/1390\/revisions"}],"predecessor-version":[{"id":1702,"href":"https:\/\/hannadeco.com\/index.php\/wp-json\/wp\/v2\/pages\/1390\/revisions\/1702"}],"wp:attachment":[{"href":"https:\/\/hannadeco.com\/index.php\/wp-json\/wp\/v2\/media?parent=1390"}],"curies":[{"name":"wp","href":"https:\/\/api.w.org\/{rel}","templated":true}]}}