{"id":1471,"date":"2024-01-30T23:05:37","date_gmt":"2024-01-30T23:05:37","guid":{"rendered":"https:\/\/hannadeco.com\/?page_id=1471"},"modified":"2024-03-05T15:23:14","modified_gmt":"2024-03-05T15:23:14","slug":"valgus-installatsioon","status":"publish","type":"page","link":"https:\/\/hannadeco.com\/index.php\/valgus-installatsioon\/","title":{"rendered":"Valgus installatsioon"},"content":{"rendered":"\t\t<div data-elementor-type=\"wp-page\" data-elementor-id=\"1471\" class=\"elementor elementor-1471\">\n\t\t\t\t<div class=\"elementor-element elementor-element-7c7ea87 e-flex e-con-boxed e-con e-parent\" data-id=\"7c7ea87\" data-element_type=\"container\" data-core-v316-plus=\"true\">\n\t\t\t\t\t<div class=\"e-con-inner\">\n\t\t\t\t<div class=\"elementor-element elementor-element-7f47780 elementor-widget elementor-widget-heading\" data-id=\"7f47780\" data-element_type=\"widget\" data-widget_type=\"heading.default\">\n\t\t\t\t<div class=\"elementor-widget-container\">\n\t\t\t<style>\/*! elementor - v3.20.0 - 20-03-2024 *\/\n.elementor-heading-title{padding:0;margin:0;line-height:1}.elementor-widget-heading .elementor-heading-title[class*=elementor-size-]>a{color:inherit;font-size:inherit;line-height:inherit}.elementor-widget-heading .elementor-heading-title.elementor-size-small{font-size:15px}.elementor-widget-heading .elementor-heading-title.elementor-size-medium{font-size:19px}.elementor-widget-heading .elementor-heading-title.elementor-size-large{font-size:29px}.elementor-widget-heading .elementor-heading-title.elementor-size-xl{font-size:39px}.elementor-widget-heading .elementor-heading-title.elementor-size-xxl{font-size:59px}<\/style><h2 class=\"elementor-heading-title elementor-size-default\">Valgus installatsioon: Luukered<\/h2>\t\t<\/div>\n\t\t\t\t<\/div>\n\t\t\t\t<div class=\"elementor-element elementor-element-fac0f4d elementor-widget elementor-widget-text-editor\" data-id=\"fac0f4d\" data-element_type=\"widget\" data-widget_type=\"text-editor.default\">\n\t\t\t\t<div class=\"elementor-widget-container\">\n\t\t\t<style>\/*! elementor - v3.20.0 - 20-03-2024 *\/\n.elementor-widget-text-editor.elementor-drop-cap-view-stacked .elementor-drop-cap{background-color:#69727d;color:#fff}.elementor-widget-text-editor.elementor-drop-cap-view-framed .elementor-drop-cap{color:#69727d;border:3px solid;background-color:transparent}.elementor-widget-text-editor:not(.elementor-drop-cap-view-default) .elementor-drop-cap{margin-top:8px}.elementor-widget-text-editor:not(.elementor-drop-cap-view-default) .elementor-drop-cap-letter{width:1em;height:1em}.elementor-widget-text-editor .elementor-drop-cap{float:left;text-align:center;line-height:1;font-size:50px}.elementor-widget-text-editor .elementor-drop-cap-letter{display:inline-block}<\/style>\t\t\t\t<p>T\u00f6\u00f6d on teostatud kooli raames grupit\u00f6\u00f6na.\u00a0 \u00a0 \u00a0 \u00a0 \u00a0 \u00a0Kaasosalejad: Adele-Marie Peterson, Saskia L\u00f5hmus<\/p>\t\t\t\t\t\t<\/div>\n\t\t\t\t<\/div>\n\t\t\t\t\t<\/div>\n\t\t\t\t<\/div>\n\t\t<div class=\"elementor-element elementor-element-ad67558 e-flex e-con-boxed e-con e-parent\" data-id=\"ad67558\" data-element_type=\"container\" data-core-v316-plus=\"true\">\n\t\t\t\t\t<div class=\"e-con-inner\">\n\t\t\t\t<div class=\"elementor-element elementor-element-8e7c54a gallery-spacing-custom elementor-invisible elementor-widget elementor-widget-image-gallery\" data-id=\"8e7c54a\" data-element_type=\"widget\" data-settings=\"{&quot;_animation&quot;:&quot;fadeIn&quot;}\" data-widget_type=\"image-gallery.default\">\n\t\t\t\t<div class=\"elementor-widget-container\">\n\t\t\t<style>\/*! elementor - v3.20.0 - 20-03-2024 *\/\n.elementor-image-gallery .gallery-item{display:inline-block;text-align:center;vertical-align:top;width:100%;max-width:100%;margin:0 auto}.elementor-image-gallery .gallery-item img{margin:0 auto}.elementor-image-gallery .gallery-item .gallery-caption{margin:0}.elementor-image-gallery figure img{display:block}.elementor-image-gallery figure figcaption{width:100%}.gallery-spacing-custom .elementor-image-gallery .gallery-icon{padding:0}@media (min-width:768px){.elementor-image-gallery .gallery-columns-2 .gallery-item{max-width:50%}.elementor-image-gallery .gallery-columns-3 .gallery-item{max-width:33.33%}.elementor-image-gallery .gallery-columns-4 .gallery-item{max-width:25%}.elementor-image-gallery .gallery-columns-5 .gallery-item{max-width:20%}.elementor-image-gallery .gallery-columns-6 .gallery-item{max-width:16.666%}.elementor-image-gallery .gallery-columns-7 .gallery-item{max-width:14.28%}.elementor-image-gallery .gallery-columns-8 .gallery-item{max-width:12.5%}.elementor-image-gallery .gallery-columns-9 .gallery-item{max-width:11.11%}.elementor-image-gallery .gallery-columns-10 .gallery-item{max-width:10%}}@media (min-width:480px) and (max-width:767px){.elementor-image-gallery .gallery.gallery-columns-2 .gallery-item,.elementor-image-gallery .gallery.gallery-columns-3 .gallery-item,.elementor-image-gallery .gallery.gallery-columns-4 .gallery-item,.elementor-image-gallery .gallery.gallery-columns-5 .gallery-item,.elementor-image-gallery .gallery.gallery-columns-6 .gallery-item,.elementor-image-gallery .gallery.gallery-columns-7 .gallery-item,.elementor-image-gallery .gallery.gallery-columns-8 .gallery-item,.elementor-image-gallery .gallery.gallery-columns-9 .gallery-item,.elementor-image-gallery .gallery.gallery-columns-10 .gallery-item{max-width:50%}}@media (max-width:479px){.elementor-image-gallery .gallery.gallery-columns-2 .gallery-item,.elementor-image-gallery .gallery.gallery-columns-3 .gallery-item,.elementor-image-gallery .gallery.gallery-columns-4 .gallery-item,.elementor-image-gallery .gallery.gallery-columns-5 .gallery-item,.elementor-image-gallery .gallery.gallery-columns-6 .gallery-item,.elementor-image-gallery .gallery.gallery-columns-7 .gallery-item,.elementor-image-gallery .gallery.gallery-columns-8 .gallery-item,.elementor-image-gallery .gallery.gallery-columns-9 .gallery-item,.elementor-image-gallery .gallery.gallery-columns-10 .gallery-item{max-width:100%}}<\/style>\t\t<div class=\"elementor-image-gallery\">\n\t\t\t<div id='gallery-1' class='gallery galleryid-1471 gallery-columns-3 gallery-size-medium_large'><figure class='gallery-item'>\n\t\t\t<div class='gallery-icon portrait'>\n\t\t\t\t<a data-elementor-open-lightbox=\"yes\" data-elementor-lightbox-slideshow=\"8e7c54a\" data-e-action-hash=\"#elementor-action%3Aaction%3Dlightbox%26settings%3DeyJpZCI6MTE2NywidXJsIjoiaHR0cHM6XC9cL2hhbm5hZGVjby5jb21cL3dwLWNvbnRlbnRcL3VwbG9hZHNcLzIwMjRcLzAxXC9JTUdfMTM4Mi1zY2FsZWQuanBnIiwic2xpZGVzaG93IjoiOGU3YzU0YSJ9\" href='https:\/\/hannadeco.com\/wp-content\/uploads\/2024\/01\/IMG_1382-scaled.jpg'><img fetchpriority=\"high\" width=\"768\" height=\"925\" src=\"https:\/\/hannadeco.com\/wp-content\/uploads\/2024\/01\/IMG_1382-768x925.jpg\" class=\"attachment-medium_large size-medium_large\" alt=\"\" decoding=\"async\" srcset=\"https:\/\/hannadeco.com\/wp-content\/uploads\/2024\/01\/IMG_1382-768x925.jpg 768w, https:\/\/hannadeco.com\/wp-content\/uploads\/2024\/01\/IMG_1382-249x300.jpg 249w, https:\/\/hannadeco.com\/wp-content\/uploads\/2024\/01\/IMG_1382-850x1024.jpg 850w, https:\/\/hannadeco.com\/wp-content\/uploads\/2024\/01\/IMG_1382-1275x1536.jpg 1275w, https:\/\/hannadeco.com\/wp-content\/uploads\/2024\/01\/IMG_1382-1700x2048.jpg 1700w\" sizes=\"(max-width: 768px) 100vw, 768px\" \/><\/a>\n\t\t\t<\/div><\/figure><figure class='gallery-item'>\n\t\t\t<div class='gallery-icon portrait'>\n\t\t\t\t<a data-elementor-open-lightbox=\"yes\" data-elementor-lightbox-slideshow=\"8e7c54a\" data-e-action-hash=\"#elementor-action%3Aaction%3Dlightbox%26settings%3DeyJpZCI6MTQ3NCwidXJsIjoiaHR0cHM6XC9cL2hhbm5hZGVjby5jb21cL3dwLWNvbnRlbnRcL3VwbG9hZHNcLzIwMjRcLzAxXC9JTUdfMTM4NS1zY2FsZWQuanBnIiwic2xpZGVzaG93IjoiOGU3YzU0YSJ9\" href='https:\/\/hannadeco.com\/wp-content\/uploads\/2024\/01\/IMG_1385-scaled.jpg'><img width=\"768\" height=\"1024\" src=\"https:\/\/hannadeco.com\/wp-content\/uploads\/2024\/01\/IMG_1385-768x1024.jpg\" class=\"attachment-medium_large size-medium_large\" alt=\"\" decoding=\"async\" srcset=\"https:\/\/hannadeco.com\/wp-content\/uploads\/2024\/01\/IMG_1385-768x1024.jpg 768w, https:\/\/hannadeco.com\/wp-content\/uploads\/2024\/01\/IMG_1385-225x300.jpg 225w, https:\/\/hannadeco.com\/wp-content\/uploads\/2024\/01\/IMG_1385-1152x1536.jpg 1152w, https:\/\/hannadeco.com\/wp-content\/uploads\/2024\/01\/IMG_1385-1536x2048.jpg 1536w, https:\/\/hannadeco.com\/wp-content\/uploads\/2024\/01\/IMG_1385-scaled.jpg 1920w\" sizes=\"(max-width: 768px) 100vw, 768px\" \/><\/a>\n\t\t\t<\/div><\/figure><figure class='gallery-item'>\n\t\t\t<div class='gallery-icon portrait'>\n\t\t\t\t<a data-elementor-open-lightbox=\"yes\" data-elementor-lightbox-slideshow=\"8e7c54a\" data-e-action-hash=\"#elementor-action%3Aaction%3Dlightbox%26settings%3DeyJpZCI6MTE2OSwidXJsIjoiaHR0cHM6XC9cL2hhbm5hZGVjby5jb21cL3dwLWNvbnRlbnRcL3VwbG9hZHNcLzIwMjRcLzAxXC9JTUdfMTM4OC1zY2FsZWQuanBnIiwic2xpZGVzaG93IjoiOGU3YzU0YSJ9\" data-elementor-lightbox-title=\"Asi\" href='https:\/\/hannadeco.com\/wp-content\/uploads\/2024\/01\/IMG_1388-scaled.jpg'><img width=\"768\" height=\"1024\" src=\"https:\/\/hannadeco.com\/wp-content\/uploads\/2024\/01\/IMG_1388-768x1024.jpg\" class=\"attachment-medium_large size-medium_large\" alt=\"\" decoding=\"async\" srcset=\"https:\/\/hannadeco.com\/wp-content\/uploads\/2024\/01\/IMG_1388-768x1024.jpg 768w, https:\/\/hannadeco.com\/wp-content\/uploads\/2024\/01\/IMG_1388-225x300.jpg 225w, https:\/\/hannadeco.com\/wp-content\/uploads\/2024\/01\/IMG_1388-1152x1536.jpg 1152w, https:\/\/hannadeco.com\/wp-content\/uploads\/2024\/01\/IMG_1388-1536x2048.jpg 1536w, https:\/\/hannadeco.com\/wp-content\/uploads\/2024\/01\/IMG_1388-scaled.jpg 1920w\" sizes=\"(max-width: 768px) 100vw, 768px\" \/><\/a>\n\t\t\t<\/div><\/figure><figure class='gallery-item'>\n\t\t\t<div class='gallery-icon landscape'>\n\t\t\t\t<a data-elementor-open-lightbox=\"yes\" data-elementor-lightbox-slideshow=\"8e7c54a\" data-e-action-hash=\"#elementor-action%3Aaction%3Dlightbox%26settings%3DeyJpZCI6MTcxMywidXJsIjoiaHR0cHM6XC9cL2hhbm5hZGVjby5jb21cL3dwLWNvbnRlbnRcL3VwbG9hZHNcLzIwMjRcLzAyXC8zMTQ2ODcwNTNfNTEwNzQxOTY3NzM5OTU1XzEzNjk2MTk4ODE1OTk5OTc3OF9uLmpwZyIsInNsaWRlc2hvdyI6IjhlN2M1NGEifQ%3D%3D\" data-elementor-lightbox-title=\"Kavand\" href='https:\/\/hannadeco.com\/wp-content\/uploads\/2024\/02\/314687053_510741967739955_136961988159999778_n.jpg'><img loading=\"lazy\" width=\"768\" height=\"674\" src=\"https:\/\/hannadeco.com\/wp-content\/uploads\/2024\/02\/314687053_510741967739955_136961988159999778_n-768x674.jpg\" class=\"attachment-medium_large size-medium_large\" alt=\"\" decoding=\"async\" srcset=\"https:\/\/hannadeco.com\/wp-content\/uploads\/2024\/02\/314687053_510741967739955_136961988159999778_n-768x674.jpg 768w, https:\/\/hannadeco.com\/wp-content\/uploads\/2024\/02\/314687053_510741967739955_136961988159999778_n-300x263.jpg 300w, https:\/\/hannadeco.com\/wp-content\/uploads\/2024\/02\/314687053_510741967739955_136961988159999778_n-1024x899.jpg 1024w, https:\/\/hannadeco.com\/wp-content\/uploads\/2024\/02\/314687053_510741967739955_136961988159999778_n-1536x1349.jpg 1536w, https:\/\/hannadeco.com\/wp-content\/uploads\/2024\/02\/314687053_510741967739955_136961988159999778_n.jpg 2048w\" sizes=\"(max-width: 768px) 100vw, 768px\" \/><\/a>\n\t\t\t<\/div><\/figure><figure class='gallery-item'>\n\t\t\t<div class='gallery-icon portrait'>\n\t\t\t\t<a data-elementor-open-lightbox=\"yes\" data-elementor-lightbox-slideshow=\"8e7c54a\" data-e-action-hash=\"#elementor-action%3Aaction%3Dlightbox%26settings%3DeyJpZCI6MTcxMCwidXJsIjoiaHR0cHM6XC9cL2hhbm5hZGVjby5jb21cL3dwLWNvbnRlbnRcL3VwbG9hZHNcLzIwMjRcLzAyXC8zMTI1MTAzODJfNDE2NTQ1MTQ3MzU3MTc3XzYwOTAzMTQ5Nzg3OTgzODAzOTRfbi5qcGciLCJzbGlkZXNob3ciOiI4ZTdjNTRhIn0%3D\" data-elementor-lightbox-title=\"Kavand\" href='https:\/\/hannadeco.com\/wp-content\/uploads\/2024\/02\/312510382_416545147357177_6090314978798380394_n.jpg'><img loading=\"lazy\" width=\"768\" height=\"1281\" src=\"https:\/\/hannadeco.com\/wp-content\/uploads\/2024\/02\/312510382_416545147357177_6090314978798380394_n-768x1281.jpg\" class=\"attachment-medium_large size-medium_large\" alt=\"\" decoding=\"async\" srcset=\"https:\/\/hannadeco.com\/wp-content\/uploads\/2024\/02\/312510382_416545147357177_6090314978798380394_n-768x1281.jpg 768w, https:\/\/hannadeco.com\/wp-content\/uploads\/2024\/02\/312510382_416545147357177_6090314978798380394_n-180x300.jpg 180w, https:\/\/hannadeco.com\/wp-content\/uploads\/2024\/02\/312510382_416545147357177_6090314978798380394_n-614x1024.jpg 614w, https:\/\/hannadeco.com\/wp-content\/uploads\/2024\/02\/312510382_416545147357177_6090314978798380394_n-921x1536.jpg 921w, https:\/\/hannadeco.com\/wp-content\/uploads\/2024\/02\/312510382_416545147357177_6090314978798380394_n.jpg 1228w\" sizes=\"(max-width: 768px) 100vw, 768px\" \/><\/a>\n\t\t\t<\/div><\/figure>\n\t\t<\/div>\n\t\t<\/div>\n\t\t\t\t<\/div>\n\t\t\t\t<\/div>\n\t\t\t\t\t<\/div>\n\t\t\t\t<\/div>\n\t\t\t\t<\/div>\n\t\t","protected":false},"excerpt":{"rendered":"<p>Valgus installatsioon: Luukered T\u00f6\u00f6d on teostatud kooli raames grupit\u00f6\u00f6na.\u00a0 \u00a0 \u00a0 \u00a0 \u00a0 \u00a0Kaasosalejad: Adele-Marie Peterson, Saskia L\u00f5hmus<\/p>\n","protected":false},"author":2,"featured_media":0,"parent":0,"menu_order":0,"comment_status":"closed","ping_status":"closed","template":"","meta":{"site-sidebar-layout":"no-sidebar","site-content-layout":"page-builder","ast-site-content-layout":"full-width-container","site-content-style":"default","site-sidebar-style":"default","ast-global-header-display":"","ast-banner-title-visibility":"","ast-main-header-display":"","ast-hfb-above-header-display":"","ast-hfb-below-header-display":"","ast-hfb-mobile-header-display":"","site-post-title":"disabled","ast-breadcrumbs-content":"","ast-featured-img":"disabled","footer-sml-layout":"","theme-transparent-header-meta":"","adv-header-id-meta":"","stick-header-meta":"","header-above-stick-meta":"","header-main-stick-meta":"","header-below-stick-meta":"","astra-migrate-meta-layouts":"set","ast-page-background-enabled":"default","ast-page-background-meta":{"desktop":{"background-color":"","background-image":"","background-repeat":"repeat","background-position":"center center","background-size":"auto","background-attachment":"scroll","background-type":"","background-media":"","overlay-type":"","overlay-color":"","overlay-opacity":"","overlay-gradient":""},"tablet":{"background-color":"","background-image":"","background-repeat":"repeat","background-position":"center center","background-size":"auto","background-attachment":"scroll","background-type":"","background-media":"","overlay-type":"","overlay-color":"","overlay-opacity":"","overlay-gradient":""},"mobile":{"background-color":"","background-image":"","background-repeat":"repeat","background-position":"center center","background-size":"auto","background-attachment":"scroll","background-type":"","background-media":"","overlay-type":"","overlay-color":"","overlay-opacity":"","overlay-gradient":""}},"ast-content-background-meta":{"desktop":{"background-color":"var(--ast-global-color-5)","background-image":"","background-repeat":"repeat","background-position":"center center","background-size":"auto","background-attachment":"scroll","background-type":"","background-media":"","overlay-type":"","overlay-color":"","overlay-opacity":"","overlay-gradient":""},"tablet":{"background-color":"var(--ast-global-color-5)","background-image":"","background-repeat":"repeat","background-position":"center center","background-size":"auto","background-attachment":"scroll","background-type":"","background-media":"","overlay-type":"","overlay-color":"","overlay-opacity":"","overlay-gradient":""},"mobile":{"background-color":"var(--ast-global-color-5)","background-image":"","background-repeat":"repeat","background-position":"center center","background-size":"auto","background-attachment":"scroll","background-type":"","background-media":"","overlay-type":"","overlay-color":"","overlay-opacity":"","overlay-gradient":""}},"footnotes":""},"_links":{"self":[{"href":"https:\/\/hannadeco.com\/index.php\/wp-json\/wp\/v2\/pages\/1471"}],"collection":[{"href":"https:\/\/hannadeco.com\/index.php\/wp-json\/wp\/v2\/pages"}],"about":[{"href":"https:\/\/hannadeco.com\/index.php\/wp-json\/wp\/v2\/types\/page"}],"author":[{"embeddable":true,"href":"https:\/\/hannadeco.com\/index.php\/wp-json\/wp\/v2\/users\/2"}],"replies":[{"embeddable":true,"href":"https:\/\/hannadeco.com\/index.php\/wp-json\/wp\/v2\/comments?post=1471"}],"version-history":[{"count":20,"href":"https:\/\/hannadeco.com\/index.php\/wp-json\/wp\/v2\/pages\/1471\/revisions"}],"predecessor-version":[{"id":1972,"href":"https:\/\/hannadeco.com\/index.php\/wp-json\/wp\/v2\/pages\/1471\/revisions\/1972"}],"wp:attachment":[{"href":"https:\/\/hannadeco.com\/index.php\/wp-json\/wp\/v2\/media?parent=1471"}],"curies":[{"name":"wp","href":"https:\/\/api.w.org\/{rel}","templated":true}]}}